{"id":2827,"date":"2025-10-25T08:27:28","date_gmt":"2025-10-25T08:27:28","guid":{"rendered":"https:\/\/mascioni-organs.com\/?page_id=2827"},"modified":"2025-10-25T08:50:13","modified_gmt":"2025-10-25T08:50:13","slug":"organi-pneumatici","status":"publish","type":"page","link":"https:\/\/mascioni-organs.com\/it\/organi-pneumatici\/","title":{"rendered":"Restauri Organi Pneumatici"},"content":{"rendered":"\t\t<div data-elementor-type=\"wp-page\" data-elementor-id=\"2827\" class=\"elementor elementor-2827\" data-elementor-post-type=\"page\">\n\t\t\t\t<div class=\"elementor-element elementor-element-b8fefa7 e-flex e-con-boxed e-con e-parent\" data-id=\"b8fefa7\" data-element_type=\"container\" data-e-type=\"container\" data-settings=\"{&quot;jet_parallax_layout_list&quot;:[]}\">\n\t\t\t\t\t<div class=\"e-con-inner\">\n\t\t\t\t<div class=\"elementor-element elementor-element-63c71b1 elementor-widget elementor-widget-heading\" data-id=\"63c71b1\" data-element_type=\"widget\" data-e-type=\"widget\" data-widget_type=\"heading.default\">\n\t\t\t\t<div class=\"elementor-widget-container\">\n\t\t\t\t\t<h4 class=\"elementor-heading-title elementor-size-default\">I NOSTRI RESTAURI<\/h4>\t\t\t\t<\/div>\n\t\t\t\t<\/div>\n\t\t\t\t<div class=\"elementor-element elementor-element-c1218cb elementor-widget elementor-widget-text-editor\" data-id=\"c1218cb\" data-element_type=\"widget\" data-e-type=\"widget\" data-widget_type=\"text-editor.default\">\n\t\t\t\t<div class=\"elementor-widget-container\">\n\t\t\t\t\t\t\t\t\t<p>Da sempre ci occupiamo del restauro degli organi a <span style=\"color: #ffffff;\">trasmissione pneumatica<\/span>. Questa particolare tipologia di organi adotta un sistema trasmissivo molto complesso la cui manutenzione e restauro richiedono una conoscenza ed un&#8217;esperienza approfondite che si possono ottenere solo con anni di applicazione e apprendistato.<br \/>Gli strumenti a trasmissione pneumatica sono stati realizzati in Italia dalla fine del 1800 alla prima met\u00e0 del &#8216;900, dopodich\u00e8 questo tipo di trasmissione \u00e8 stata abbandonata, ma numerosi sono gli organi che ancora oggi si conservano in modo integrale.<br \/><span style=\"letter-spacing: 0px;\">Di seguito un elenco degli organi di questa tipolgia restaurati dalla nostra Casa organaria.<\/span><\/p><p>\n\t\t<div class=\"wppdfemb-frame-container-1\" style=\"-webkit-overflow-scrolling:auto;\">\n\t\t\t<iframe class=\"pdfembed-iframe nonfullscreen wppdf-emb-iframe-1 lazyload\"\n\t\t\t\tdata-src=\"https:\/\/mascioni-organs.com\/it\/?pdfemb-data=eyJ1cmwiOiJodHRwczpcL1wvbWFzY2lvbmktb3JnYW5zLmNvbVwvd3AtY29udGVudFwvdXBsb2Fkc1wvMjAyNVwvMTBcL01hc2Npb25pLU9yZ2FuaS1UcmFzbWlzc2lvbmUtUGVudW1hdGljYS1SZXN0YXVyYXRpLnBkZiIsInRpdGxlIjoiTWFzY2lvbmkgLSBPcmdhbmkgVHJhc21pc3Npb25lIFBlbnVtYXRpY2EgUmVzdGF1cmF0aSIsImluZGV4IjoxLCJwZGZJRCI6MjgxOX0\"\n\t\t\t\tdata-pdf-id=\"2819\"\n\t\t\t\tdata-pdf-index=\"1\"\n\t\t\t\tstyle=\"border:none;width:100%;max-width:100%;height:100vh;\"\n\t\t\t\tscrolling=\"yes\" src=\"data:image\/svg+xml;base64,PHN2ZyB3aWR0aD0iMSIgaGVpZ2h0PSIxIiB4bWxucz0iaHR0cDovL3d3dy53My5vcmcvMjAwMC9zdmciPjwvc3ZnPg==\" data-load-mode=\"1\">\n\t\t\t<\/iframe>\n\t\t<\/div>\n\n\t\t<\/p>\t\t\t\t\t\t\t\t<\/div>\n\t\t\t\t<\/div>\n\t\t\t\t\t<\/div>\n\t\t\t\t<\/div>\n\t\t\t\t<\/div>\n\t\t","protected":false},"excerpt":{"rendered":"<p>I NOSTRI RESTAURI Da sempre ci occupiamo del restauro degli organi a trasmissione pneumatica. Questa particolare tipologia di organi adotta un sistema trasmissivo molto complesso la cui manutenzione e restauro richiedono una conoscenza ed un&#8217;esperienza approfondite che si possono ottenere solo con anni di applicazione e apprendistato.Gli strumenti a trasmissione pneumatica sono stati realizzati in&#8230;<\/p>\n","protected":false},"author":1,"featured_media":0,"parent":0,"menu_order":0,"comment_status":"closed","ping_status":"closed","template":"","meta":{"_monsterinsights_skip_tracking":false,"_monsterinsights_sitenote_active":false,"_monsterinsights_sitenote_note":"","_monsterinsights_sitenote_category":0,"footnotes":""},"class_list":["post-2827","page","type-page","status-publish","hentry"],"aioseo_notices":[],"_links":{"self":[{"href":"https:\/\/mascioni-organs.com\/it\/wp-json\/wp\/v2\/pages\/2827","targetHints":{"allow":["GET"]}}],"collection":[{"href":"https:\/\/mascioni-organs.com\/it\/wp-json\/wp\/v2\/pages"}],"about":[{"href":"https:\/\/mascioni-organs.com\/it\/wp-json\/wp\/v2\/types\/page"}],"author":[{"embeddable":true,"href":"https:\/\/mascioni-organs.com\/it\/wp-json\/wp\/v2\/users\/1"}],"replies":[{"embeddable":true,"href":"https:\/\/mascioni-organs.com\/it\/wp-json\/wp\/v2\/comments?post=2827"}],"version-history":[{"count":7,"href":"https:\/\/mascioni-organs.com\/it\/wp-json\/wp\/v2\/pages\/2827\/revisions"}],"predecessor-version":[{"id":2834,"href":"https:\/\/mascioni-organs.com\/it\/wp-json\/wp\/v2\/pages\/2827\/revisions\/2834"}],"wp:attachment":[{"href":"https:\/\/mascioni-organs.com\/it\/wp-json\/wp\/v2\/media?parent=2827"}],"curies":[{"name":"wp","href":"https:\/\/api.w.org\/{rel}","templated":true}]}}